{"id":3790,"date":"2020-05-30T10:53:57","date_gmt":"2020-05-30T08:53:57","guid":{"rendered":"https:\/\/www.galeriehannabekkervomrath.de\/?page_id=3790"},"modified":"2020-08-11T18:54:05","modified_gmt":"2020-08-11T16:54:05","slug":"gallery","status":"publish","type":"page","link":"https:\/\/www.galeriehannabekkervomrath.de\/en\/gallery\/","title":{"rendered":"gallery"},"content":{"rendered":"<div class=\"wpb-content-wrapper\"><div data-min-height=\"60%\" class=\"vc_row wpb_row vc_row-fluid dt-default\" style=\"margin-top: 0px;margin-bottom: 0px\"><div class=\"wpb_column vc_column_container vc_col-sm-4\"><div class=\"vc_column-inner\"><div class=\"wpb_wrapper\"><section class=\"shortcode-teaser img-full\"><div class=\"layzr-bg shortcode-teaser-img\"><img loading=\"lazy\" decoding=\"async\" class=\"lazy-load\" src=\"data:image\/svg+xml;charset=utf-8,%3Csvg xmlns%3D&#039;http%3A%2F%2Fwww.w3.org%2F2000%2Fsvg&#039; viewBox%3D&#039;0 0 624 351&#039;%2F%3E\" width=\"624\" height=\"351\" alt=\"Photo: \u00a9 Mara Eggert\" data-srcset=\"https:\/\/www.galeriehannabekkervomrath.de\/wp-content\/uploads\/2015\/11\/hanna_bekker_vom_rath_zeigte_heimlich_entartete_kunst@1x.jpg 624w\" data-src=\"https:\/\/www.galeriehannabekkervomrath.de\/wp-content\/uploads\/2015\/11\/hanna_bekker_vom_rath_zeigte_heimlich_entartete_kunst@1x.jpg\" \/><\/div><div class=\"shortcode-teaser-content text-big\"><p><em>Hanna Bekker vom Rath<\/em><\/p>\n<p>Photo: \u00a9 Mara Eggert<\/p>\n<\/div><\/section><\/div><\/div><\/div><div class=\"wpb_column vc_column_container vc_col-sm-8\"><div class=\"vc_column-inner\"><div class=\"wpb_wrapper\">\n\t<div class=\"wpb_text_column wpb_content_element\" >\n\t\t<div class=\"wpb_wrapper\">\n\t\t\t<p class=\"p1\"><span class=\"s1\">GALERIE HANNA BEKKER VOM RATH is named after its founder.<\/span><\/p>\n<p class=\"p1\"><span class=\"s1\">Hanna Bekker vom Rath (1893-1983) was an impassioned connoisseur and patron of the arts, as well as being herself an accomplished artist who studied painting and drawing under Ottilie von Roederstein, Ida Kerkovius and Adolf Hoelzel. Her career as a gallerist was kicked off by providing artists persecuted by the Nazis or whose work had been proscribed by the Nazi regime with secret exhibition opportunities. In the years 1940 through to 1943 she held clandestine exhibitions in her studio apartment on Regensburger Stra\u00dfe 34 in Berlin.<\/span><\/p>\n<p class=\"p1\"><span class=\"s1\">Two years after the end of the war, in May 1947, the Frankfurter Kunstkabinett opened on Frankfurt's Kaiserstra\u00dfe. A short while later the gallery relocated to B\u00f6rsenplatz, the plaza next to the Frankfurt Stock Exchange, where it went on to become a fixture of Frankfurt's artistic life for many years. Hanna Bekker vom Rath was a friend and supporter of Ida Kerkovius, Karl Schmidt-Rottluff, Alexej von Jawlensky, Ludwig Meidner, Oskar Kokoschka, Ernst-Wilhelm Nay and others.<\/span><\/p>\n<p class=\"p1\"><span class=\"s1\">Numerous big names of 20<\/span><span class=\"s2\"><sup>th<\/sup><\/span><span class=\"s1\"> century art history may be found in the gallery archives, including Eduard Bargheer, Eduardo Chillida, Otto Dix, HAP Grieshaber, Max Ernst, David Hockney, K\u00e4the Kollwitz, Wifredo Lam, Gerhard Marcks, Gabriele M\u00fcnter, Pablo Picasso, Antonio Saura, Walter St\u00f6hrer, Mark Tobey, Fritz Winter and of course Max Beckmann, Erich Heckel, Alexej von Jawlensky, Ida Kerkovius, Ernst Ludwig Kirchner, Oskar Kokoschka, August Macke, Otto Mueller, Ernst Wilhelm Nay, Emy Roeder, Christian Rohlfs and Karl Schmidt-Rottluff.<\/span><\/p>\n<p class=\"p1\"><span class=\"s1\">After the Frankfurter Kunstkabinett Hanna Bekker vom Rath concluded its gallery operations in 2015, Galerie Hanna Bekker vom Rath was established in 2016. <\/span><\/p>\n<p class=\"p1\"><span class=\"s1\">By taking on the name, the gallery is able to build on the over 70 year-long tradition of the Kunstkabinett. The connection to art dealers and auction house Kunst- und Auktionshaus D\u00f6britz allows the gallery to present its viewers with works from interesting artist estates created in the second half of the 20th century<\/span><span class=\"s2\"><sup>th<\/sup><\/span><span class=\"s1\"> century alongside its familiar program of classical Modernism in the tradition of founder Hanna Bekker vom Rath.<\/span><\/p>\n\n\t\t<\/div>\n\t<\/div>\n<\/div><\/div><\/div><\/div>\n<\/div>","protected":false},"excerpt":{"rendered":"<p>GALERIE HANNA BEKKER VOM RATH is named after its founder. Hanna Bekker vom Rath (1893-1983) was an impassioned connoisseur and patron of the arts, as well as being herself an accomplished artist who studied painting and drawing under Ottilie von Roederstein, Ida Kerkovius and Adolf Hoelzel. Her career as a gallerist was kicked off by...<\/p>","protected":false},"author":1,"featured_media":528,"parent":0,"menu_order":0,"comment_status":"closed","ping_status":"closed","template":"","meta":{"footnotes":""},"class_list":["post-3790","page","type-page","status-publish","has-post-thumbnail","hentry","description-off"],"yoast_head":"<!-- This site is optimized with the Yoast SEO plugin v27.3 - https:\/\/yoast.com\/product\/yoast-seo-wordpress\/ -->\n<title>gallery - Galerie Hanna Bekker vom Rath<\/title>\n<meta name=\"description\" content=\"Die GALERIE HANNA BEKKER VOM RATH tr\u00e4gt den Namen ihrer Gr\u00fcnderin. Hanna Bekker vom Rath (1893\u20131983) war eine passionierte Kunstkennerin und Kunstf\u00f6rderin.\" \/>\n<meta name=\"robots\" content=\"index, follow, max-snippet:-1, max-image-preview:large, max-video-preview:-1\" \/>\n<link rel=\"canonical\" href=\"https:\/\/www.galeriehannabekkervomrath.de\/en\/gallery\/\" \/>\n<meta property=\"og:locale\" content=\"en_US\" \/>\n<meta property=\"og:type\" content=\"article\" \/>\n<meta property=\"og:title\" content=\"gallery - Galerie Hanna Bekker vom Rath\" \/>\n<meta property=\"og:description\" content=\"Die GALERIE HANNA BEKKER VOM RATH tr\u00e4gt den Namen ihrer Gr\u00fcnderin. Hanna Bekker vom Rath (1893\u20131983) war eine passionierte Kunstkennerin und Kunstf\u00f6rderin.\" \/>\n<meta property=\"og:url\" content=\"https:\/\/www.galeriehannabekkervomrath.de\/en\/gallery\/\" \/>\n<meta property=\"og:site_name\" content=\"Galerie Hanna Bekker vom Rath\" \/>\n<meta property=\"article:publisher\" content=\"https:\/\/www.facebook.com\/galeriehannabekkervomrath\/\" \/>\n<meta property=\"article:modified_time\" content=\"2020-08-11T16:54:05+00:00\" \/>\n<meta property=\"og:image\" content=\"https:\/\/www.galeriehannabekkervomrath.de\/wp-content\/uploads\/2015\/11\/hanna_bekker_vom_rath_zeigte_heimlich_entartete_kunst@1x.jpg\" \/>\n\t<meta property=\"og:image:width\" content=\"624\" \/>\n\t<meta property=\"og:image:height\" content=\"351\" \/>\n\t<meta property=\"og:image:type\" content=\"image\/jpeg\" \/>\n<meta name=\"twitter:card\" content=\"summary_large_image\" \/>\n<meta name=\"twitter:label1\" content=\"Est. reading time\" \/>\n\t<meta name=\"twitter:data1\" content=\"2 minutes\" \/>\n<script type=\"application\/ld+json\" class=\"yoast-schema-graph\">{\"@context\":\"https:\\\/\\\/schema.org\",\"@graph\":[{\"@type\":\"WebPage\",\"@id\":\"https:\\\/\\\/www.galeriehannabekkervomrath.de\\\/en\\\/gallery\\\/\",\"url\":\"https:\\\/\\\/www.galeriehannabekkervomrath.de\\\/en\\\/gallery\\\/\",\"name\":\"gallery - Galerie Hanna Bekker vom Rath\",\"isPartOf\":{\"@id\":\"https:\\\/\\\/www.galeriehannabekkervomrath.de\\\/#website\"},\"primaryImageOfPage\":{\"@id\":\"https:\\\/\\\/www.galeriehannabekkervomrath.de\\\/en\\\/gallery\\\/#primaryimage\"},\"image\":{\"@id\":\"https:\\\/\\\/www.galeriehannabekkervomrath.de\\\/en\\\/gallery\\\/#primaryimage\"},\"thumbnailUrl\":\"https:\\\/\\\/www.galeriehannabekkervomrath.de\\\/wp-content\\\/uploads\\\/2015\\\/11\\\/hanna_bekker_vom_rath_zeigte_heimlich_entartete_kunst@1x.jpg\",\"datePublished\":\"2020-05-30T08:53:57+00:00\",\"dateModified\":\"2020-08-11T16:54:05+00:00\",\"description\":\"Die GALERIE HANNA BEKKER VOM RATH tr\u00e4gt den Namen ihrer Gr\u00fcnderin. Hanna Bekker vom Rath (1893\u20131983) war eine passionierte Kunstkennerin und Kunstf\u00f6rderin.\",\"breadcrumb\":{\"@id\":\"https:\\\/\\\/www.galeriehannabekkervomrath.de\\\/en\\\/gallery\\\/#breadcrumb\"},\"inLanguage\":\"en-US\",\"potentialAction\":[{\"@type\":\"ReadAction\",\"target\":[\"https:\\\/\\\/www.galeriehannabekkervomrath.de\\\/en\\\/gallery\\\/\"]}]},{\"@type\":\"ImageObject\",\"inLanguage\":\"en-US\",\"@id\":\"https:\\\/\\\/www.galeriehannabekkervomrath.de\\\/en\\\/gallery\\\/#primaryimage\",\"url\":\"https:\\\/\\\/www.galeriehannabekkervomrath.de\\\/wp-content\\\/uploads\\\/2015\\\/11\\\/hanna_bekker_vom_rath_zeigte_heimlich_entartete_kunst@1x.jpg\",\"contentUrl\":\"https:\\\/\\\/www.galeriehannabekkervomrath.de\\\/wp-content\\\/uploads\\\/2015\\\/11\\\/hanna_bekker_vom_rath_zeigte_heimlich_entartete_kunst@1x.jpg\",\"width\":624,\"height\":351,\"caption\":\"\u00a9 Mara Eggert\"},{\"@type\":\"BreadcrumbList\",\"@id\":\"https:\\\/\\\/www.galeriehannabekkervomrath.de\\\/en\\\/gallery\\\/#breadcrumb\",\"itemListElement\":[{\"@type\":\"ListItem\",\"position\":1,\"name\":\"Startseite\",\"item\":\"https:\\\/\\\/www.galeriehannabekkervomrath.de\\\/\"},{\"@type\":\"ListItem\",\"position\":2,\"name\":\"gallery\"}]},{\"@type\":\"WebSite\",\"@id\":\"https:\\\/\\\/www.galeriehannabekkervomrath.de\\\/#website\",\"url\":\"https:\\\/\\\/www.galeriehannabekkervomrath.de\\\/\",\"name\":\"Galerie Hanna Bekker vom Rath\",\"description\":\"Frankfurt am Main\",\"publisher\":{\"@id\":\"https:\\\/\\\/www.galeriehannabekkervomrath.de\\\/#organization\"},\"potentialAction\":[{\"@type\":\"SearchAction\",\"target\":{\"@type\":\"EntryPoint\",\"urlTemplate\":\"https:\\\/\\\/www.galeriehannabekkervomrath.de\\\/?s={search_term_string}\"},\"query-input\":{\"@type\":\"PropertyValueSpecification\",\"valueRequired\":true,\"valueName\":\"search_term_string\"}}],\"inLanguage\":\"en-US\"},{\"@type\":\"Organization\",\"@id\":\"https:\\\/\\\/www.galeriehannabekkervomrath.de\\\/#organization\",\"name\":\"Galerie Hanna Bekker vom Rath\",\"url\":\"https:\\\/\\\/www.galeriehannabekkervomrath.de\\\/\",\"logo\":{\"@type\":\"ImageObject\",\"inLanguage\":\"en-US\",\"@id\":\"https:\\\/\\\/www.galeriehannabekkervomrath.de\\\/#\\\/schema\\\/logo\\\/image\\\/\",\"url\":\"https:\\\/\\\/www.galeriehannabekkervomrath.de\\\/wp-content\\\/uploads\\\/ghbvr_icon.jpg\",\"contentUrl\":\"https:\\\/\\\/www.galeriehannabekkervomrath.de\\\/wp-content\\\/uploads\\\/ghbvr_icon.jpg\",\"width\":512,\"height\":512,\"caption\":\"Galerie Hanna Bekker vom Rath\"},\"image\":{\"@id\":\"https:\\\/\\\/www.galeriehannabekkervomrath.de\\\/#\\\/schema\\\/logo\\\/image\\\/\"},\"sameAs\":[\"https:\\\/\\\/www.facebook.com\\\/galeriehannabekkervomrath\\\/\",\"https:\\\/\\\/www.instagram.com\\\/galeriehbvr\\\/\"]}]}<\/script>\n<!-- \/ Yoast SEO plugin. -->","yoast_head_json":{"title":"gallery - Gallery Hanna Bekker vom Rath","description":"The GALERIE HANNA BEKKER VOM RATH bears the name of its founder. Hanna Bekker vom Rath (1893-1983) was a passionate connoisseur and patron of the arts.","robots":{"index":"index","follow":"follow","max-snippet":"max-snippet:-1","max-image-preview":"max-image-preview:large","max-video-preview":"max-video-preview:-1"},"canonical":"https:\/\/www.galeriehannabekkervomrath.de\/en\/gallery\/","og_locale":"en_US","og_type":"article","og_title":"gallery - Galerie Hanna Bekker vom Rath","og_description":"Die GALERIE HANNA BEKKER VOM RATH tr\u00e4gt den Namen ihrer Gr\u00fcnderin. Hanna Bekker vom Rath (1893\u20131983) war eine passionierte Kunstkennerin und Kunstf\u00f6rderin.","og_url":"https:\/\/www.galeriehannabekkervomrath.de\/en\/gallery\/","og_site_name":"Galerie Hanna Bekker vom Rath","article_publisher":"https:\/\/www.facebook.com\/galeriehannabekkervomrath\/","article_modified_time":"2020-08-11T16:54:05+00:00","og_image":[{"width":624,"height":351,"url":"https:\/\/www.galeriehannabekkervomrath.de\/wp-content\/uploads\/2015\/11\/hanna_bekker_vom_rath_zeigte_heimlich_entartete_kunst@1x.jpg","type":"image\/jpeg"}],"twitter_card":"summary_large_image","twitter_misc":{"Est. reading time":"2 minutes"},"schema":{"@context":"https:\/\/schema.org","@graph":[{"@type":"WebPage","@id":"https:\/\/www.galeriehannabekkervomrath.de\/en\/gallery\/","url":"https:\/\/www.galeriehannabekkervomrath.de\/en\/gallery\/","name":"gallery - Gallery Hanna Bekker vom Rath","isPartOf":{"@id":"https:\/\/www.galeriehannabekkervomrath.de\/#website"},"primaryImageOfPage":{"@id":"https:\/\/www.galeriehannabekkervomrath.de\/en\/gallery\/#primaryimage"},"image":{"@id":"https:\/\/www.galeriehannabekkervomrath.de\/en\/gallery\/#primaryimage"},"thumbnailUrl":"https:\/\/www.galeriehannabekkervomrath.de\/wp-content\/uploads\/2015\/11\/hanna_bekker_vom_rath_zeigte_heimlich_entartete_kunst@1x.jpg","datePublished":"2020-05-30T08:53:57+00:00","dateModified":"2020-08-11T16:54:05+00:00","description":"The GALERIE HANNA BEKKER VOM RATH bears the name of its founder. Hanna Bekker vom Rath (1893-1983) was a passionate connoisseur and patron of the arts.","breadcrumb":{"@id":"https:\/\/www.galeriehannabekkervomrath.de\/en\/gallery\/#breadcrumb"},"inLanguage":"en-US","potentialAction":[{"@type":"ReadAction","target":["https:\/\/www.galeriehannabekkervomrath.de\/en\/gallery\/"]}]},{"@type":"ImageObject","inLanguage":"en-US","@id":"https:\/\/www.galeriehannabekkervomrath.de\/en\/gallery\/#primaryimage","url":"https:\/\/www.galeriehannabekkervomrath.de\/wp-content\/uploads\/2015\/11\/hanna_bekker_vom_rath_zeigte_heimlich_entartete_kunst@1x.jpg","contentUrl":"https:\/\/www.galeriehannabekkervomrath.de\/wp-content\/uploads\/2015\/11\/hanna_bekker_vom_rath_zeigte_heimlich_entartete_kunst@1x.jpg","width":624,"height":351,"caption":"\u00a9 Mara Eggert"},{"@type":"BreadcrumbList","@id":"https:\/\/www.galeriehannabekkervomrath.de\/en\/gallery\/#breadcrumb","itemListElement":[{"@type":"ListItem","position":1,"name":"Startseite","item":"https:\/\/www.galeriehannabekkervomrath.de\/"},{"@type":"ListItem","position":2,"name":"gallery"}]},{"@type":"WebSite","@id":"https:\/\/www.galeriehannabekkervomrath.de\/#website","url":"https:\/\/www.galeriehannabekkervomrath.de\/","name":"Gallery Hanna Bekker vom Rath","description":"Frankfurt am Main","publisher":{"@id":"https:\/\/www.galeriehannabekkervomrath.de\/#organization"},"potentialAction":[{"@type":"SearchAction","target":{"@type":"EntryPoint","urlTemplate":"https:\/\/www.galeriehannabekkervomrath.de\/?s={search_term_string}"},"query-input":{"@type":"PropertyValueSpecification","valueRequired":true,"valueName":"search_term_string"}}],"inLanguage":"en-US"},{"@type":"Organization","@id":"https:\/\/www.galeriehannabekkervomrath.de\/#organization","name":"Gallery Hanna Bekker vom Rath","url":"https:\/\/www.galeriehannabekkervomrath.de\/","logo":{"@type":"ImageObject","inLanguage":"en-US","@id":"https:\/\/www.galeriehannabekkervomrath.de\/#\/schema\/logo\/image\/","url":"https:\/\/www.galeriehannabekkervomrath.de\/wp-content\/uploads\/ghbvr_icon.jpg","contentUrl":"https:\/\/www.galeriehannabekkervomrath.de\/wp-content\/uploads\/ghbvr_icon.jpg","width":512,"height":512,"caption":"Galerie Hanna Bekker vom Rath"},"image":{"@id":"https:\/\/www.galeriehannabekkervomrath.de\/#\/schema\/logo\/image\/"},"sameAs":["https:\/\/www.facebook.com\/galeriehannabekkervomrath\/","https:\/\/www.instagram.com\/galeriehbvr\/"]}]}},"_links":{"self":[{"href":"https:\/\/www.galeriehannabekkervomrath.de\/en\/wp-json\/wp\/v2\/pages\/3790","targetHints":{"allow":["GET"]}}],"collection":[{"href":"https:\/\/www.galeriehannabekkervomrath.de\/en\/wp-json\/wp\/v2\/pages"}],"about":[{"href":"https:\/\/www.galeriehannabekkervomrath.de\/en\/wp-json\/wp\/v2\/types\/page"}],"author":[{"embeddable":true,"href":"https:\/\/www.galeriehannabekkervomrath.de\/en\/wp-json\/wp\/v2\/users\/1"}],"replies":[{"embeddable":true,"href":"https:\/\/www.galeriehannabekkervomrath.de\/en\/wp-json\/wp\/v2\/comments?post=3790"}],"version-history":[{"count":1,"href":"https:\/\/www.galeriehannabekkervomrath.de\/en\/wp-json\/wp\/v2\/pages\/3790\/revisions"}],"predecessor-version":[{"id":3791,"href":"https:\/\/www.galeriehannabekkervomrath.de\/en\/wp-json\/wp\/v2\/pages\/3790\/revisions\/3791"}],"wp:featuredmedia":[{"embeddable":true,"href":"https:\/\/www.galeriehannabekkervomrath.de\/en\/wp-json\/wp\/v2\/media\/528"}],"wp:attachment":[{"href":"https:\/\/www.galeriehannabekkervomrath.de\/en\/wp-json\/wp\/v2\/media?parent=3790"}],"curies":[{"name":"wp","href":"https:\/\/api.w.org\/{rel}","templated":true}]}}